{"id":280402,"date":"2025-03-24T09:15:47","date_gmt":"2025-03-24T09:15:47","guid":{"rendered":"https:\/\/adannfsa.com\/?page_id=280402"},"modified":"2026-03-13T08:47:28","modified_gmt":"2026-03-13T08:47:28","slug":"connexion","status":"publish","type":"page","link":"https:\/\/adannfsa.com\/en\/","title":{"rendered":"Log in"},"content":{"rendered":"<p>[et_pb_section fb_built=\u00a0\u00bb1&Prime; custom_padding_last_edited=\u00a0\u00bbon|phone\u00a0\u00bb _builder_version=\u00a0\u00bb4.25.2&Prime; _module_preset=\u00a0\u00bbdefault\u00a0\u00bb background_color=\u00a0\u00bb#FFFFFF\u00a0\u00bb background_enable_pattern_style=\u00a0\u00bbon\u00a0\u00bb background_pattern_size=\u00a0\u00bbcustom\u00a0\u00bb background_pattern_width=\u00a0\u00bb4px\u00a0\u00bb custom_margin=\u00a0\u00bb0px||0px||false|false\u00a0\u00bb custom_padding=\u00a0\u00bb280px||110px||false|false\u00a0\u00bb custom_padding_tablet=\u00a0\u00bb1px||110px||false|false\u00a0\u00bb custom_padding_phone=\u00a0\u00bb45px||90px||false|false\u00a0\u00bb locked=\u00a0\u00bboff\u00a0\u00bb global_colors_info=\u00a0\u00bb{}\u00a0\u00bb][et_pb_row _builder_version=\u00a0\u00bb4.25.2&Prime; _module_preset=\u00a0\u00bbdefault\u00a0\u00bb width=\u00a0\u00bb90%\u00a0\u00bb max_width=\u00a0\u00bb1290px\u00a0\u00bb custom_margin=\u00a0\u00bb-301px||150px||false|false\u00a0\u00bb custom_margin_tablet=\u00a0\u00bb-160px||120px||false|false\u00a0\u00bb custom_margin_phone=\u00a0\u00bb-75px||0px||false|false\u00a0\u00bb custom_margin_last_edited=\u00a0\u00bbon|tablet\u00a0\u00bb custom_padding=\u00a0\u00bb0px||0px||false|false\u00a0\u00bb border_radii=\u00a0\u00bbon|10px|10px|10px|10px\u00a0\u00bb global_colors_info=\u00a0\u00bb{}\u00a0\u00bb][et_pb_column type=\u00a0\u00bb4_4&Prime; admin_label=\u00a0\u00bbColonne\u00a0\u00bb _builder_version=\u00a0\u00bb4.24.3&Prime; _module_preset=\u00a0\u00bbdefault\u00a0\u00bb global_colors_info=\u00a0\u00bb{}\u00a0\u00bb][\/et_pb_column][\/et_pb_row][et_pb_row column_structure=\u00a0\u00bb1_2,1_2&Prime; use_custom_gutter=\u00a0\u00bbon\u00a0\u00bb gutter_width=\u00a0\u00bb1&Prime; make_equal=\u00a0\u00bbon\u00a0\u00bb _builder_version=\u00a0\u00bb4.27.4&Prime; _module_preset=\u00a0\u00bbdefault\u00a0\u00bb background_image=\u00a0\u00bbhttps:\/\/adannfsa.com\/wp-content\/uploads\/2024\/06\/logistic-13-vas-5.png\u00a0\u00bb background_size=\u00a0\u00bbcustom\u00a0\u00bb background_image_width=\u00a0\u00bb734px\u00a0\u00bb background_position=\u00a0\u00bbcenter_left\u00a0\u00bb background_horizontal_offset=\u00a0\u00bb-10px\u00a0\u00bb width=\u00a0\u00bb90%\u00a0\u00bb max_width=\u00a0\u00bb75%\u00a0\u00bb max_width_tablet=\u00a0\u00bb75%\u00a0\u00bb max_width_phone=\u00a0\u00bb85%\u00a0\u00bb max_width_last_edited=\u00a0\u00bbon|phone\u00a0\u00bb custom_margin=\u00a0\u00bb0px||0px||false|false\u00a0\u00bb custom_margin_tablet=\u00a0\u00bb0px||120px||false|false\u00a0\u00bb custom_margin_phone=\u00a0\u00bb||90px||false|false\u00a0\u00bb custom_margin_last_edited=\u00a0\u00bbon|tablet\u00a0\u00bb custom_padding=\u00a0\u00bb0px||0px||false|false\u00a0\u00bb background_last_edited=\u00a0\u00bbon|tablet\u00a0\u00bb background_image_width_phone=\u00a0\u00bb300px\u00a0\u00bb background_position_tablet=\u00a0\u00bbtop_left\u00a0\u00bb background_position_phone=\u00a0\u00bbtop_right\u00a0\u00bb background_horizontal_offset_tablet=\u00a0\u00bb-65px\u00a0\u00bb background_horizontal_offset_phone=\u00a0\u00bb0px\u00a0\u00bb background_vertical_offset_tablet=\u00a0\u00bb11%\u00a0\u00bb background_vertical_offset_phone=\u00a0\u00bb2%\u00a0\u00bb custom_css_main_element=\u00a0\u00bbDISPLAY:FLEX;||ALIGN-ITEMS:CENTER;||\u00a0\u00bb locked=\u00a0\u00bboff\u00a0\u00bb global_colors_info=\u00a0\u00bb{}\u00a0\u00bb][et_pb_column type=\u00a0\u00bb1_2&Prime; _builder_version=\u00a0\u00bb4.25.2&Prime; _module_preset=\u00a0\u00bbdefault\u00a0\u00bb custom_padding=\u00a0\u00bb||||false|false\u00a0\u00bb global_colors_info=\u00a0\u00bb{}\u00a0\u00bb][et_pb_cta title=\u00a0\u00bbBIENVENUE SUR LE NOUVEAU SITE DE L\u2019ASSOCIATION\u00a0\u00bb button_url=\u00a0\u00bbhttps:\/\/adannfsa.com\/wp-content\/uploads\/2025\/03\/2025-Site-Bienvenue_FR1Home2.pdf\u00a0\u00bb admin_label=\u00a0\u00bb1&Prime; _builder_version=\u00a0\u00bb4.27.4&Prime; header_font=\u00a0\u00bbUrbanist|700|||||||\u00a0\u00bb header_text_align=\u00a0\u00bbcenter\u00a0\u00bb header_text_color=\u00a0\u00bb#ffffff\u00a0\u00bb header_font_size=\u00a0\u00bb30px\u00a0\u00bb header_line_height=\u00a0\u00bb1.3em\u00a0\u00bb body_font=\u00a0\u00bbUrbanist|300|||||||\u00a0\u00bb body_text_align=\u00a0\u00bbcenter\u00a0\u00bb body_text_color=\u00a0\u00bb#ffffff\u00a0\u00bb body_font_size=\u00a0\u00bb15px\u00a0\u00bb body_line_height=\u00a0\u00bb1.8em\u00a0\u00bb background_color=\u00a0\u00bb#004990&Prime; custom_button=\u00a0\u00bbon\u00a0\u00bb button_text_size=\u00a0\u00bb16px\u00a0\u00bb button_text_color=\u00a0\u00bb#FFFFFF\u00a0\u00bb button_bg_use_color_gradient=\u00a0\u00bbon\u00a0\u00bb button_bg_color_gradient_direction=\u00a0\u00bb90deg\u00a0\u00bb button_bg_color_gradient_stops=\u00a0\u00bb#004990 0%|#3ba7f8 100%\u00a0\u00bb button_border_width=\u00a0\u00bb1px\u00a0\u00bb button_border_color=\u00a0\u00bb#3BA7F8&Prime; button_border_radius=\u00a0\u00bb8px\u00a0\u00bb button_font=\u00a0\u00bbUrbanist|800|||||||\u00a0\u00bb button_use_icon=\u00a0\u00bboff\u00a0\u00bb button_alignment=\u00a0\u00bbcenter\u00a0\u00bb button_custom_margin=\u00a0\u00bb9px||||false|false\u00a0\u00bb button_custom_padding=\u00a0\u00bb13px|52px|13px|52px|true|true\u00a0\u00bb transform_translate_linked__hover=\u00a0\u00bboff\u00a0\u00bb text_orientation=\u00a0\u00bbleft\u00a0\u00bb background_layout=\u00a0\u00bblight\u00a0\u00bb width=\u00a0\u00bb100%\u00a0\u00bb custom_margin=\u00a0\u00bb||50px||false|false\u00a0\u00bb custom_margin_tablet=\u00a0\u00bb||50px||false|false\u00a0\u00bb custom_margin_phone=\u00a0\u00bb||50px||false|false\u00a0\u00bb custom_margin_last_edited=\u00a0\u00bbon|desktop\u00a0\u00bb custom_padding=\u00a0\u00bb60px|60px|60px|60px||true\u00a0\u00bb custom_padding_tablet=\u00a0\u00bb\u00a0\u00bb custom_padding_phone=\u00a0\u00bb20px|20px|20px|20px|true|true\u00a0\u00bb custom_padding_last_edited=\u00a0\u00bbon|desktop\u00a0\u00bb animation_style=\u00a0\u00bbfade\u00a0\u00bb animation_direction=\u00a0\u00bbbottom\u00a0\u00bb header_font_size_tablet=\u00a0\u00bb\u00a0\u00bb header_font_size_phone=\u00a0\u00bb20px\u00a0\u00bb header_font_size_last_edited=\u00a0\u00bbon|tablet\u00a0\u00bb border_radii=\u00a0\u00bbon|8px|8px|8px|8px\u00a0\u00bb border_color_all=\u00a0\u00bb#ffffff\u00a0\u00bb border_width_top=\u00a0\u00bb2px\u00a0\u00bb border_color_top=\u00a0\u00bb#B4C9E2&Prime; box_shadow_style=\u00a0\u00bbpreset3&Prime; button_text_color_hover=\u00a0\u00bb#ffffff\u00a0\u00bb button_border_color_hover=\u00a0\u00bb#3FA2F7 \u00a0\u00bb button_bg_color_hover=\u00a0\u00bb#3FA2F7 \u00a0\u00bb global_colors_info=\u00a0\u00bb{}\u00a0\u00bb button_text_size__hover_enabled=\u00a0\u00bboff\u00a0\u00bb button_one_text_size__hover_enabled=\u00a0\u00bboff\u00a0\u00bb button_two_text_size__hover_enabled=\u00a0\u00bboff\u00a0\u00bb button_text_color__hover_enabled=\u00a0\u00bbon|hover\u00a0\u00bb button_text_color__hover=\u00a0\u00bb#FFFFFF\u00a0\u00bb button_one_text_color__hover_enabled=\u00a0\u00bboff\u00a0\u00bb button_two_text_color__hover_enabled=\u00a0\u00bboff\u00a0\u00bb button_border_width__hover_enabled=\u00a0\u00bbon|desktop\u00a0\u00bb button_one_border_width__hover_enabled=\u00a0\u00bboff\u00a0\u00bb button_two_border_width__hover_enabled=\u00a0\u00bboff\u00a0\u00bb button_border_color__hover_enabled=\u00a0\u00bbon|hover\u00a0\u00bb button_border_color__hover=\u00a0\u00bb#3BA7F8&Prime; button_one_border_color__hover_enabled=\u00a0\u00bboff\u00a0\u00bb button_two_border_color__hover_enabled=\u00a0\u00bboff\u00a0\u00bb button_border_radius__hover_enabled=\u00a0\u00bboff\u00a0\u00bb button_one_border_radius__hover_enabled=\u00a0\u00bboff\u00a0\u00bb button_two_border_radius__hover_enabled=\u00a0\u00bboff\u00a0\u00bb button_letter_spacing__hover_enabled=\u00a0\u00bbon|hover\u00a0\u00bb button_one_letter_spacing__hover_enabled=\u00a0\u00bboff\u00a0\u00bb button_two_letter_spacing__hover_enabled=\u00a0\u00bboff\u00a0\u00bb button_bg_color__hover_enabled=\u00a0\u00bbon|hover\u00a0\u00bb button_bg_color__hover=\u00a0\u00bb\u00a0\u00bb button_one_bg_color__hover_enabled=\u00a0\u00bboff\u00a0\u00bb button_two_bg_color__hover_enabled=\u00a0\u00bboff\u00a0\u00bb button_letter_spacing__hover=\u00a0\u00bb1px\u00a0\u00bb transform_translate__hover=\u00a0\u00bb0px|-22px\u00a0\u00bb button_border_width__hover=\u00a0\u00bb1px\u00a0\u00bb button_bg_enable_color__hover=\u00a0\u00bboff\u00a0\u00bb]<\/p>\n<p><strong>Ce site est destin\u00e9 aux seuls membres formellement inscrits \u00e0 l\u2019ADAN<\/strong><\/p>\n<p>Le Bureau, le Comit\u00e9 Ex\u00e9cutif, le Gestionnaire de la base de donn\u00e9es vous souhaitent la bienvenue sur le nouveau site de l\u2019Association. Pour parcourir ce site, vous devez au pr\u00e9alable vous enregistrer. Vous pourrez naviguer ensuite dans les diff\u00e9rentes rubriques. Nous vous souhaitons une bonne navigation. N\u2019h\u00e9sitez pas \u00e0 adresser vos remarques et observations \u00e9ventuelles au Comit\u00e9.<\/p>\n<p>[\/et_pb_cta][et_pb_code _builder_version=\u00a0\u00bb4.27.4&Prime; _module_preset=\u00a0\u00bbdefault\u00a0\u00bb global_colors_info=\u00a0\u00bb{}\u00a0\u00bb]<script><!-- [et_pb_line_break_holder] -->  document.addEventListener(\"DOMContentLoaded\", function () {<!-- [et_pb_line_break_holder] -->    \/\/ Lire le token dans l'URL<!-- [et_pb_line_break_holder] -->    const urlParams = new URLSearchParams(window.location.search);<!-- [et_pb_line_break_holder] -->    const token = urlParams.get(\"token\");<!-- [et_pb_line_break_holder] --><!-- [et_pb_line_break_holder] -->    \/\/ Si un token est dans l'URL, le sauvegarder dans un cookie<!-- [et_pb_line_break_holder] -->    if (token) {<!-- [et_pb_line_break_holder] -->      \/\/ Set the cookie (valid for the whole site, expires in 1 day)<!-- [et_pb_line_break_holder] -->      document.cookie = \"session_token=\" + encodeURIComponent(token) + \"; path=\/; max-age=86400; SameSite=Lax\";<!-- [et_pb_line_break_holder] --><!-- [et_pb_line_break_holder] -->      \/\/ Nettoyer l'URL<!-- [et_pb_line_break_holder] -->      const cleanUrl = window.location.origin + window.location.pathname;<!-- [et_pb_line_break_holder] -->      window.history.replaceState({}, document.title, cleanUrl);<!-- [et_pb_line_break_holder] --><!-- [et_pb_line_break_holder] -->      \/\/ Rediriger vers la pagehome\"; <!-- [et_pb_line_break_holder] -->      window.location.href = \"\/home\";\/\/ Mettre votre url pour le les pages proteger<!-- [et_pb_line_break_holder] -->    <!-- [et_pb_line_break_holder] -->    }<!-- [et_pb_line_break_holder] -->  });<!-- [et_pb_line_break_holder] --><\/script>[\/et_pb_code][\/et_pb_column][et_pb_column type=\u00a0\u00bb1_2&Prime; _builder_version=\u00a0\u00bb4.25.1&Prime; _module_preset=\u00a0\u00bbdefault\u00a0\u00bb custom_padding=\u00a0\u00bb|||127px|false|false\u00a0\u00bb custom_padding_tablet=\u00a0\u00bb80px|||0px|false|false\u00a0\u00bb custom_padding_phone=\u00a0\u00bb55px||||false|false\u00a0\u00bb custom_padding_last_edited=\u00a0\u00bbon|tablet\u00a0\u00bb custom_css_main_element=\u00a0\u00bbmargin:auto;\u00a0\u00bb global_colors_info=\u00a0\u00bb{}\u00a0\u00bb][et_pb_image src=\u00a0\u00bbhttps:\/\/adannfsa.com\/wp-content\/uploads\/2026\/03\/ADAN-NFSA-Logo_2026-01.png\u00a0\u00bb title_text=\u00a0\u00bbADAN-NFSA Logo_2026-01&Prime; _builder_version=\u00a0\u00bb4.27.6&Prime; _module_preset=\u00a0\u00bbdefault\u00a0\u00bb max_width=\u00a0\u00bb250px\u00a0\u00bb max_width_tablet=\u00a0\u00bb522px\u00a0\u00bb max_width_phone=\u00a0\u00bb85%\u00a0\u00bb max_width_last_edited=\u00a0\u00bbon|tablet\u00a0\u00bb custom_margin=\u00a0\u00bb0px||0px||false|false\u00a0\u00bb custom_padding=\u00a0\u00bb0px||0px||false|false\u00a0\u00bb animation_style=\u00a0\u00bbfade\u00a0\u00bb animation_speed_curve=\u00a0\u00bbease\u00a0\u00bb hover_enabled=\u00a0\u00bb0&Prime; global_colors_info=\u00a0\u00bb{}\u00a0\u00bb sticky_enabled=\u00a0\u00bb0&Prime;][\/et_pb_image][\/et_pb_column][\/et_pb_row][et_pb_row use_custom_gutter=\u00a0\u00bbon\u00a0\u00bb gutter_width=\u00a0\u00bb1&Prime; make_equal=\u00a0\u00bbon\u00a0\u00bb _builder_version=\u00a0\u00bb4.27.4&Prime; _module_preset=\u00a0\u00bbdefault\u00a0\u00bb background_image=\u00a0\u00bbhttps:\/\/adannfsa.com\/wp-content\/uploads\/2024\/06\/logistic-13-vas-5.png\u00a0\u00bb background_size=\u00a0\u00bbcustom\u00a0\u00bb background_image_width=\u00a0\u00bb734px\u00a0\u00bb background_position=\u00a0\u00bbcenter_left\u00a0\u00bb background_horizontal_offset=\u00a0\u00bb-10px\u00a0\u00bb width=\u00a0\u00bb90%\u00a0\u00bb max_width=\u00a0\u00bb75%\u00a0\u00bb max_width_tablet=\u00a0\u00bb75%\u00a0\u00bb max_width_phone=\u00a0\u00bb85%\u00a0\u00bb max_width_last_edited=\u00a0\u00bbon|phone\u00a0\u00bb custom_margin=\u00a0\u00bb0px||0px||false|false\u00a0\u00bb custom_margin_tablet=\u00a0\u00bb0px||120px||false|false\u00a0\u00bb custom_margin_phone=\u00a0\u00bb||90px||false|false\u00a0\u00bb custom_margin_last_edited=\u00a0\u00bbon|tablet\u00a0\u00bb custom_padding=\u00a0\u00bb0px||0px||false|false\u00a0\u00bb background_last_edited=\u00a0\u00bbon|tablet\u00a0\u00bb background_image_width_phone=\u00a0\u00bb300px\u00a0\u00bb background_position_tablet=\u00a0\u00bbtop_left\u00a0\u00bb background_position_phone=\u00a0\u00bbtop_right\u00a0\u00bb background_horizontal_offset_tablet=\u00a0\u00bb-65px\u00a0\u00bb background_horizontal_offset_phone=\u00a0\u00bb0px\u00a0\u00bb background_vertical_offset_tablet=\u00a0\u00bb11%\u00a0\u00bb background_vertical_offset_phone=\u00a0\u00bb2%\u00a0\u00bb locked=\u00a0\u00bboff\u00a0\u00bb global_colors_info=\u00a0\u00bb{}\u00a0\u00bb][et_pb_column type=\u00a0\u00bb4_4&Prime; _builder_version=\u00a0\u00bb4.25.2&Prime; _module_preset=\u00a0\u00bbdefault\u00a0\u00bb custom_padding=\u00a0\u00bb||||false|false\u00a0\u00bb global_colors_info=\u00a0\u00bb{}\u00a0\u00bb][et_pb_text _builder_version=\u00a0\u00bb4.27.4&Prime; _module_preset=\u00a0\u00bbdefault\u00a0\u00bb header_font=\u00a0\u00bbUrbanist|800|||||||\u00a0\u00bb header_text_align=\u00a0\u00bbleft\u00a0\u00bb header_text_color=\u00a0\u00bb#1f242e\u00a0\u00bb header_font_size=\u00a0\u00bb45px\u00a0\u00bb header_line_height=\u00a0\u00bb1.2em\u00a0\u00bb custom_margin=\u00a0\u00bb0px||0px||false|false\u00a0\u00bb custom_padding=\u00a0\u00bb0px||0px||false|false\u00a0\u00bb header_font_size_tablet=\u00a0\u00bb50px\u00a0\u00bb header_font_size_phone=\u00a0\u00bb36px\u00a0\u00bb header_font_size_last_edited=\u00a0\u00bbon|phone\u00a0\u00bb locked=\u00a0\u00bboff\u00a0\u00bb global_colors_info=\u00a0\u00bb{}\u00a0\u00bb]<\/p>\n<h1>ASSOCIATION DES ANCIENS DE LA <span style=\"color: #004990;\">NSPA (ADAN)<\/span><\/h1>\n<p>[\/et_pb_text][\/et_pb_column][\/et_pb_row][et_pb_row column_structure=\u00a0\u00bb1_2,1_2&Prime; use_custom_gutter=\u00a0\u00bbon\u00a0\u00bb gutter_width=\u00a0\u00bb1&Prime; make_equal=\u00a0\u00bbon\u00a0\u00bb _builder_version=\u00a0\u00bb4.27.4&Prime; _module_preset=\u00a0\u00bbdefault\u00a0\u00bb background_image=\u00a0\u00bbhttps:\/\/adannfsa.com\/wp-content\/uploads\/2024\/06\/logistic-13-vas-5.png\u00a0\u00bb background_size=\u00a0\u00bbcustom\u00a0\u00bb background_image_width=\u00a0\u00bb734px\u00a0\u00bb background_position=\u00a0\u00bbcenter_left\u00a0\u00bb background_horizontal_offset=\u00a0\u00bb-10px\u00a0\u00bb width=\u00a0\u00bb90%\u00a0\u00bb max_width=\u00a0\u00bb75%\u00a0\u00bb max_width_tablet=\u00a0\u00bb75%\u00a0\u00bb max_width_phone=\u00a0\u00bb85%\u00a0\u00bb max_width_last_edited=\u00a0\u00bbon|phone\u00a0\u00bb custom_margin=\u00a0\u00bb0px||140px||false|false\u00a0\u00bb custom_margin_tablet=\u00a0\u00bb0px||120px||false|false\u00a0\u00bb custom_margin_phone=\u00a0\u00bb||90px||false|false\u00a0\u00bb custom_margin_last_edited=\u00a0\u00bbon|tablet\u00a0\u00bb custom_padding=\u00a0\u00bb0px||0px||false|false\u00a0\u00bb background_last_edited=\u00a0\u00bbon|tablet\u00a0\u00bb background_image_width_phone=\u00a0\u00bb300px\u00a0\u00bb background_position_tablet=\u00a0\u00bbtop_left\u00a0\u00bb background_position_phone=\u00a0\u00bbtop_right\u00a0\u00bb background_horizontal_offset_tablet=\u00a0\u00bb-65px\u00a0\u00bb background_horizontal_offset_phone=\u00a0\u00bb0px\u00a0\u00bb background_vertical_offset_tablet=\u00a0\u00bb11%\u00a0\u00bb background_vertical_offset_phone=\u00a0\u00bb2%\u00a0\u00bb locked=\u00a0\u00bboff\u00a0\u00bb global_colors_info=\u00a0\u00bb{}\u00a0\u00bb][et_pb_column type=\u00a0\u00bb1_2&Prime; _builder_version=\u00a0\u00bb4.25.2&Prime; _module_preset=\u00a0\u00bbdefault\u00a0\u00bb custom_padding=\u00a0\u00bb||||false|false\u00a0\u00bb global_colors_info=\u00a0\u00bb{}\u00a0\u00bb][et_pb_divider color=\u00a0\u00bb#004990&Prime; disabled_on=\u00a0\u00bbon|on|off\u00a0\u00bb _builder_version=\u00a0\u00bb4.25.2&Prime; _module_preset=\u00a0\u00bbdefault\u00a0\u00bb width=\u00a0\u00bb600px\u00a0\u00bb global_colors_info=\u00a0\u00bb{}\u00a0\u00bb][\/et_pb_divider][et_pb_button button_url=\u00a0\u00bbhttps:\/\/adanadmin.com\/signup\u00a0\u00bb button_text=\u00a0\u00bbInscription\u00a0\u00bb button_alignment=\u00a0\u00bbleft\u00a0\u00bb _builder_version=\u00a0\u00bb4.27.4&Prime; _module_preset=\u00a0\u00bbdefault\u00a0\u00bb custom_button=\u00a0\u00bbon\u00a0\u00bb button_text_size=\u00a0\u00bb16px\u00a0\u00bb button_text_color=\u00a0\u00bb#FFFFFF\u00a0\u00bb button_bg_use_color_gradient=\u00a0\u00bbon\u00a0\u00bb button_bg_color_gradient_direction=\u00a0\u00bb90deg\u00a0\u00bb button_bg_color_gradient_stops=\u00a0\u00bb#004990 0%|#3ba7f8 100%\u00a0\u00bb button_border_width=\u00a0\u00bb1px\u00a0\u00bb button_border_color=\u00a0\u00bb#3BA7F8&Prime; button_border_radius=\u00a0\u00bb8px\u00a0\u00bb button_font=\u00a0\u00bbUrbanist|800|||||||\u00a0\u00bb button_use_icon=\u00a0\u00bboff\u00a0\u00bb custom_margin=\u00a0\u00bb24px||0px||false|false\u00a0\u00bb custom_padding=\u00a0\u00bb13px|52px|13px|52px|false|false\u00a0\u00bb global_colors_info=\u00a0\u00bb{}\u00a0\u00bb button_bg_color__hover_enabled=\u00a0\u00bboff|desktop\u00a0\u00bb button_bg_color__hover=\u00a0\u00bb#1b33c8&Prime; button_bg_enable_color__hover=\u00a0\u00bbon\u00a0\u00bb button_letter_spacing__hover=\u00a0\u00bb1px\u00a0\u00bb button_letter_spacing__hover_enabled=\u00a0\u00bbon|hover\u00a0\u00bb button_border_width__hover_enabled=\u00a0\u00bboff|hover\u00a0\u00bb button_border_width__hover=\u00a0\u00bb1px\u00a0\u00bb][\/et_pb_button][et_pb_button button_url=\u00a0\u00bbhttps:\/\/adanadmin.com\/login\u00a0\u00bb button_text=\u00a0\u00bbConnexion\u00a0\u00bb button_alignment=\u00a0\u00bbleft\u00a0\u00bb _builder_version=\u00a0\u00bb4.27.4&Prime; _module_preset=\u00a0\u00bbdefault\u00a0\u00bb custom_button=\u00a0\u00bbon\u00a0\u00bb button_text_size=\u00a0\u00bb16px\u00a0\u00bb button_text_color=\u00a0\u00bb#FFFFFF\u00a0\u00bb button_bg_use_color_gradient=\u00a0\u00bbon\u00a0\u00bb button_bg_color_gradient_direction=\u00a0\u00bb90deg\u00a0\u00bb button_bg_color_gradient_stops=\u00a0\u00bb#004990 0%|#3ba7f8 100%\u00a0\u00bb button_border_width=\u00a0\u00bb1px\u00a0\u00bb button_border_color=\u00a0\u00bb#3BA7F8&Prime; button_border_radius=\u00a0\u00bb8px\u00a0\u00bb button_font=\u00a0\u00bbUrbanist|800|||||||\u00a0\u00bb button_use_icon=\u00a0\u00bboff\u00a0\u00bb custom_margin=\u00a0\u00bb24px||0px||false|false\u00a0\u00bb custom_padding=\u00a0\u00bb13px|52px|13px|52px|false|false\u00a0\u00bb global_colors_info=\u00a0\u00bb{}\u00a0\u00bb button_bg_color__hover_enabled=\u00a0\u00bboff|desktop\u00a0\u00bb button_bg_color__hover=\u00a0\u00bb#1b33c8&Prime; button_bg_enable_color__hover=\u00a0\u00bbon\u00a0\u00bb button_letter_spacing__hover=\u00a0\u00bb1px\u00a0\u00bb button_letter_spacing__hover_enabled=\u00a0\u00bbon|hover\u00a0\u00bb button_border_width__hover_enabled=\u00a0\u00bboff|hover\u00a0\u00bb button_border_width__hover=\u00a0\u00bb1px\u00a0\u00bb][\/et_pb_button][\/et_pb_column][et_pb_column type=\u00a0\u00bb1_2&Prime; _builder_version=\u00a0\u00bb4.25.1&Prime; _module_preset=\u00a0\u00bbdefault\u00a0\u00bb custom_padding=\u00a0\u00bb|||127px|false|false\u00a0\u00bb custom_padding_tablet=\u00a0\u00bb80px|||0px|false|false\u00a0\u00bb custom_padding_phone=\u00a0\u00bb55px||||false|false\u00a0\u00bb custom_padding_last_edited=\u00a0\u00bbon|tablet\u00a0\u00bb custom_css_main_element=\u00a0\u00bbmargin:auto;\u00a0\u00bb global_colors_info=\u00a0\u00bb{}\u00a0\u00bb][\/et_pb_column][\/et_pb_row][\/et_pb_section]<\/p>\n","protected":false},"excerpt":{"rendered":"<p>Ce site est destin\u00e9 aux seuls membres formellement inscrits \u00e0 l\u2019ADAN Le Bureau, le Comit\u00e9 Ex\u00e9cutif, le Gestionnaire de la base de donn\u00e9es vous souhaitent la bienvenue sur le nouveau site de l\u2019Association. Pour parcourir ce site, vous devez au pr\u00e9alable vous enregistrer. Vous pourrez naviguer ensuite dans les diff\u00e9rentes rubriques. Nous vous souhaitons une bonne navigation. N\u2019h\u00e9sitez pas \u00e0 adresser vos remarques et observations \u00e9ventuelles au Comit\u00e9.ASSOCIATION DES ANCIENS DE LA NSPA (ADAN)<\/p>","protected":false},"author":1,"featured_media":0,"parent":0,"menu_order":0,"comment_status":"closed","ping_status":"closed","template":"","meta":{"_et_pb_use_builder":"on","_et_pb_old_content":"","_et_gb_content_width":"","footnotes":""},"difl_page_category":[],"class_list":["post-280402","page","type-page","status-publish","hentry"],"yoast_head":"<!-- This site is optimized with the Yoast SEO plugin v27.3 - https:\/\/yoast.com\/product\/yoast-seo-wordpress\/ -->\n<title>Connexion - NFSA ADAN<\/title>\n<meta name=\"robots\" content=\"index, follow, max-snippet:-1, max-image-preview:large, max-video-preview:-1\" \/>\n<link rel=\"canonical\" href=\"https:\/\/adannfsa.com\/en\/\" \/>\n<meta property=\"og:locale\" content=\"en_GB\" \/>\n<meta property=\"og:type\" content=\"article\" \/>\n<meta property=\"og:title\" content=\"Connexion - NFSA ADAN\" \/>\n<meta property=\"og:description\" content=\"Ce site est destin\u00e9 aux seuls membres formellement inscrits \u00e0 l\u2019ADAN Le Bureau, le Comit\u00e9 Ex\u00e9cutif, le Gestionnaire de la base de donn\u00e9es vous souhaitent la bienvenue sur le nouveau site de l\u2019Association. Pour parcourir ce site, vous devez au pr\u00e9alable vous enregistrer. Vous pourrez naviguer ensuite dans les diff\u00e9rentes rubriques. Nous vous souhaitons une bonne navigation. N\u2019h\u00e9sitez pas \u00e0 adresser vos remarques et observations \u00e9ventuelles au Comit\u00e9.ASSOCIATION DES ANCIENS DE LA NSPA (ADAN)\" \/>\n<meta property=\"og:url\" content=\"https:\/\/adannfsa.com\/en\/\" \/>\n<meta property=\"og:site_name\" content=\"NFSA ADAN\" \/>\n<meta property=\"article:modified_time\" content=\"2026-03-13T08:47:28+00:00\" \/>\n<meta name=\"twitter:card\" content=\"summary_large_image\" \/>\n<script type=\"application\/ld+json\" class=\"yoast-schema-graph\">{\"@context\":\"https:\\\/\\\/schema.org\",\"@graph\":[{\"@type\":\"WebPage\",\"@id\":\"https:\\\/\\\/adannfsa.com\\\/\",\"url\":\"https:\\\/\\\/adannfsa.com\\\/\",\"name\":\"Connexion - NFSA ADAN\",\"isPartOf\":{\"@id\":\"https:\\\/\\\/adannfsa.com\\\/#website\"},\"datePublished\":\"2025-03-24T09:15:47+00:00\",\"dateModified\":\"2026-03-13T08:47:28+00:00\",\"breadcrumb\":{\"@id\":\"https:\\\/\\\/adannfsa.com\\\/#breadcrumb\"},\"inLanguage\":\"en-GB\",\"potentialAction\":[{\"@type\":\"ReadAction\",\"target\":[\"https:\\\/\\\/adannfsa.com\\\/\"]}]},{\"@type\":\"BreadcrumbList\",\"@id\":\"https:\\\/\\\/adannfsa.com\\\/#breadcrumb\",\"itemListElement\":[{\"@type\":\"ListItem\",\"position\":1,\"name\":\"Accueil\",\"item\":\"https:\\\/\\\/adannfsa.com\\\/\"},{\"@type\":\"ListItem\",\"position\":2,\"name\":\"Connexion\"}]},{\"@type\":\"WebSite\",\"@id\":\"https:\\\/\\\/adannfsa.com\\\/#website\",\"url\":\"https:\\\/\\\/adannfsa.com\\\/\",\"name\":\"NFSA ADAN\",\"description\":\"\",\"potentialAction\":[{\"@type\":\"SearchAction\",\"target\":{\"@type\":\"EntryPoint\",\"urlTemplate\":\"https:\\\/\\\/adannfsa.com\\\/?s={search_term_string}\"},\"query-input\":{\"@type\":\"PropertyValueSpecification\",\"valueRequired\":true,\"valueName\":\"search_term_string\"}}],\"inLanguage\":\"en-GB\"}]}<\/script>\n<!-- \/ Yoast SEO plugin. -->","yoast_head_json":{"title":"Connexion - NFSA ADAN","robots":{"index":"index","follow":"follow","max-snippet":"max-snippet:-1","max-image-preview":"max-image-preview:large","max-video-preview":"max-video-preview:-1"},"canonical":"https:\/\/adannfsa.com\/en\/","og_locale":"en_GB","og_type":"article","og_title":"Connexion - NFSA ADAN","og_description":"Ce site est destin\u00e9 aux seuls membres formellement inscrits \u00e0 l\u2019ADAN Le Bureau, le Comit\u00e9 Ex\u00e9cutif, le Gestionnaire de la base de donn\u00e9es vous souhaitent la bienvenue sur le nouveau site de l\u2019Association. Pour parcourir ce site, vous devez au pr\u00e9alable vous enregistrer. Vous pourrez naviguer ensuite dans les diff\u00e9rentes rubriques. Nous vous souhaitons une bonne navigation. N\u2019h\u00e9sitez pas \u00e0 adresser vos remarques et observations \u00e9ventuelles au Comit\u00e9.ASSOCIATION DES ANCIENS DE LA NSPA (ADAN)","og_url":"https:\/\/adannfsa.com\/en\/","og_site_name":"NFSA ADAN","article_modified_time":"2026-03-13T08:47:28+00:00","twitter_card":"summary_large_image","schema":{"@context":"https:\/\/schema.org","@graph":[{"@type":"WebPage","@id":"https:\/\/adannfsa.com\/","url":"https:\/\/adannfsa.com\/","name":"Connexion - NFSA ADAN","isPartOf":{"@id":"https:\/\/adannfsa.com\/#website"},"datePublished":"2025-03-24T09:15:47+00:00","dateModified":"2026-03-13T08:47:28+00:00","breadcrumb":{"@id":"https:\/\/adannfsa.com\/#breadcrumb"},"inLanguage":"en-GB","potentialAction":[{"@type":"ReadAction","target":["https:\/\/adannfsa.com\/"]}]},{"@type":"BreadcrumbList","@id":"https:\/\/adannfsa.com\/#breadcrumb","itemListElement":[{"@type":"ListItem","position":1,"name":"Accueil","item":"https:\/\/adannfsa.com\/"},{"@type":"ListItem","position":2,"name":"Connexion"}]},{"@type":"WebSite","@id":"https:\/\/adannfsa.com\/#website","url":"https:\/\/adannfsa.com\/","name":"NFSA ADAN","description":"","potentialAction":[{"@type":"SearchAction","target":{"@type":"EntryPoint","urlTemplate":"https:\/\/adannfsa.com\/?s={search_term_string}"},"query-input":{"@type":"PropertyValueSpecification","valueRequired":true,"valueName":"search_term_string"}}],"inLanguage":"en-GB"}]}},"_links":{"self":[{"href":"https:\/\/adannfsa.com\/en\/wp-json\/wp\/v2\/pages\/280402","targetHints":{"allow":["GET"]}}],"collection":[{"href":"https:\/\/adannfsa.com\/en\/wp-json\/wp\/v2\/pages"}],"about":[{"href":"https:\/\/adannfsa.com\/en\/wp-json\/wp\/v2\/types\/page"}],"author":[{"embeddable":true,"href":"https:\/\/adannfsa.com\/en\/wp-json\/wp\/v2\/users\/1"}],"replies":[{"embeddable":true,"href":"https:\/\/adannfsa.com\/en\/wp-json\/wp\/v2\/comments?post=280402"}],"version-history":[{"count":28,"href":"https:\/\/adannfsa.com\/en\/wp-json\/wp\/v2\/pages\/280402\/revisions"}],"predecessor-version":[{"id":280892,"href":"https:\/\/adannfsa.com\/en\/wp-json\/wp\/v2\/pages\/280402\/revisions\/280892"}],"wp:attachment":[{"href":"https:\/\/adannfsa.com\/en\/wp-json\/wp\/v2\/media?parent=280402"}],"wp:term":[{"taxonomy":"difl_page_category","embeddable":true,"href":"https:\/\/adannfsa.com\/en\/wp-json\/wp\/v2\/difl_page_category?post=280402"}],"curies":[{"name":"wp","href":"https:\/\/api.w.org\/{rel}","templated":true}]}}